{"id":3491,"date":"2018-12-22T20:23:23","date_gmt":"2018-12-22T19:23:23","guid":{"rendered":"http:\/\/swedenbalboa.hemsida.eu\/?page_id=3491"},"modified":"2018-12-22T20:24:23","modified_gmt":"2018-12-22T19:24:23","slug":"dansgolvsetikett","status":"publish","type":"page","link":"https:\/\/www.swedenbalboa.se\/?page_id=3491","title":{"rendered":"Dansgolvsetikett"},"content":{"rendered":"<p>Alla \u00e4r v\u00e4lkomna i Sweden Balboa Societys verksamhet och alla f\u00f6rv\u00e4ntas f\u00f6lja v\u00e5r dansgolvsetikett.<\/p>\n<p><img loading=\"lazy\" decoding=\"async\" class=\"alignnone size-large wp-image-3493\" src=\"https:\/\/www.swedenbalboa.se\/wp-content\/uploads\/CoC_A3_2-724x1024.png\" alt=\"\" width=\"525\" height=\"743\" srcset=\"https:\/\/www.swedenbalboa.se\/wp-content\/uploads\/CoC_A3_2-724x1024.png 724w, https:\/\/www.swedenbalboa.se\/wp-content\/uploads\/CoC_A3_2-212x300.png 212w, https:\/\/www.swedenbalboa.se\/wp-content\/uploads\/CoC_A3_2-768x1086.png 768w, https:\/\/www.swedenbalboa.se\/wp-content\/uploads\/CoC_A3_2.png 2000w\" sizes=\"auto, (max-width: 525px) 100vw, 525px\" \/><\/p>\n","protected":false},"excerpt":{"rendered":"<p>Alla \u00e4r v\u00e4lkomna i Sweden Balboa Societys verksamhet och alla f\u00f6rv\u00e4ntas f\u00f6lja v\u00e5r dansgolvsetikett.<\/p>\n","protected":false},"author":41,"featured_media":0,"parent":3253,"menu_order":0,"comment_status":"closed","ping_status":"closed","template":"","meta":{"footnotes":""},"class_list":["post-3491","page","type-page","status-publish","hentry"],"_links":{"self":[{"href":"https:\/\/www.swedenbalboa.se\/index.php?rest_route=\/wp\/v2\/pages\/3491","targetHints":{"allow":["GET"]}}],"collection":[{"href":"https:\/\/www.swedenbalboa.se\/index.php?rest_route=\/wp\/v2\/pages"}],"about":[{"href":"https:\/\/www.swedenbalboa.se\/index.php?rest_route=\/wp\/v2\/types\/page"}],"author":[{"embeddable":true,"href":"https:\/\/www.swedenbalboa.se\/index.php?rest_route=\/wp\/v2\/users\/41"}],"replies":[{"embeddable":true,"href":"https:\/\/www.swedenbalboa.se\/index.php?rest_route=%2Fwp%2Fv2%2Fcomments&post=3491"}],"version-history":[{"count":2,"href":"https:\/\/www.swedenbalboa.se\/index.php?rest_route=\/wp\/v2\/pages\/3491\/revisions"}],"predecessor-version":[{"id":3494,"href":"https:\/\/www.swedenbalboa.se\/index.php?rest_route=\/wp\/v2\/pages\/3491\/revisions\/3494"}],"up":[{"embeddable":true,"href":"https:\/\/www.swedenbalboa.se\/index.php?rest_route=\/wp\/v2\/pages\/3253"}],"wp:attachment":[{"href":"https:\/\/www.swedenbalboa.se\/index.php?rest_route=%2Fwp%2Fv2%2Fmedia&parent=3491"}],"curies":[{"name":"wp","href":"https:\/\/api.w.org\/{rel}","templated":true}]}}