{"id":3392,"date":"2017-09-11T16:21:39","date_gmt":"2017-09-11T15:21:39","guid":{"rendered":"http:\/\/swedenbalboa.hemsida.eu\/?page_id=3392"},"modified":"2020-10-20T10:47:21","modified_gmt":"2020-10-20T09:47:21","slug":"kurser-2","status":"publish","type":"page","link":"https:\/\/www.swedenbalboa.se\/?page_id=3392","title":{"rendered":"KURSER"},"content":{"rendered":"<p><strong>Malm\u00f6<\/strong><br \/><strong>\u00d6ppen Balboa tr\u00e4ning med instrukt\u00f6r<br \/><\/strong>S\u00f6ndagar (se aktuella evenemang p\u00e5 v\u00e5r Facebook-sida)<br \/>Tid: Kl 19\u201322<br \/>Plats: 54an, F\u00f6reningsgatan 54.<br \/>Pris: 30 kr<br \/>Fika: 10 kr<\/p>\n<p>\u00a0<\/p>\n\n\n<p><br><br><\/p>\n","protected":false},"excerpt":{"rendered":"<p>Malm\u00f6\u00d6ppen Balboa tr\u00e4ning med instrukt\u00f6rS\u00f6ndagar (se aktuella evenemang p\u00e5 v\u00e5r Facebook-sida)Tid: Kl 19\u201322Plats: 54an, F\u00f6reningsgatan 54.Pris: 30 krFika: 10 kr \u00a0<\/p>\n","protected":false},"author":41,"featured_media":3340,"parent":0,"menu_order":0,"comment_status":"closed","ping_status":"closed","template":"","meta":{"footnotes":""},"class_list":["post-3392","page","type-page","status-publish","has-post-thumbnail","hentry"],"_links":{"self":[{"href":"https:\/\/www.swedenbalboa.se\/index.php?rest_route=\/wp\/v2\/pages\/3392","targetHints":{"allow":["GET"]}}],"collection":[{"href":"https:\/\/www.swedenbalboa.se\/index.php?rest_route=\/wp\/v2\/pages"}],"about":[{"href":"https:\/\/www.swedenbalboa.se\/index.php?rest_route=\/wp\/v2\/types\/page"}],"author":[{"embeddable":true,"href":"https:\/\/www.swedenbalboa.se\/index.php?rest_route=\/wp\/v2\/users\/41"}],"replies":[{"embeddable":true,"href":"https:\/\/www.swedenbalboa.se\/index.php?rest_route=%2Fwp%2Fv2%2Fcomments&post=3392"}],"version-history":[{"count":40,"href":"https:\/\/www.swedenbalboa.se\/index.php?rest_route=\/wp\/v2\/pages\/3392\/revisions"}],"predecessor-version":[{"id":3552,"href":"https:\/\/www.swedenbalboa.se\/index.php?rest_route=\/wp\/v2\/pages\/3392\/revisions\/3552"}],"wp:featuredmedia":[{"embeddable":true,"href":"https:\/\/www.swedenbalboa.se\/index.php?rest_route=\/wp\/v2\/media\/3340"}],"wp:attachment":[{"href":"https:\/\/www.swedenbalboa.se\/index.php?rest_route=%2Fwp%2Fv2%2Fmedia&parent=3392"}],"curies":[{"name":"wp","href":"https:\/\/api.w.org\/{rel}","templated":true}]}}