{"id":3312,"date":"2017-06-09T11:59:48","date_gmt":"2017-06-09T10:59:48","guid":{"rendered":"http:\/\/swedenbalboa.hemsida.eu\/?page_id=3312"},"modified":"2023-05-23T04:37:45","modified_gmt":"2023-05-23T03:37:45","slug":"kontakt","status":"publish","type":"page","link":"https:\/\/www.swedenbalboa.se\/?page_id=3312","title":{"rendered":"KONTAKT"},"content":{"rendered":"\n<h2 class=\"wp-block-heading\">Styrelse<\/h2>\n\n\n\n<p>Orvar Tureg\u00e5rd, ordf\u00f6rande, H\u00f6llviken, 070-5410613<br>David Hagersten, vice ordf\u00f6rande &amp; kass\u00f6r, Esl\u00f6v<br>Christina Ohlsson, sekreterare, Stockholm<br>Lena Malmsten, Bor\u00e5s<br>Niklas Eriksson, Falun<br>Fredrik Arbin, Stockholm<br>Christian Ehlers Mikkelsen, Stockholm<\/p>\n\n\n\n<p>Sofie Nilsson, suppleant, Lund<br>Lucian Szantho, suppleant, Limhamn<br>Sophie Winqvist Loggins, suppleant, S:t Olof<br>Ohan Lundblad, suppleant, Stockholm<br>Janne B\u00f6rjesson, suppleant, G\u00f6teborg<\/p>\n\n\n\n<p><a href=\"mailto:info@swedenbalboa.hemsida.eu\">info[@]swedenbalboa.se<\/a><\/p>\n\n\n\n<p><a href=\"https:\/\/www.facebook.com\/balboarevival\/?ref=bookmarks\" target=\"_blank\" rel=\"noopener noreferrer\">Facebook<\/a><\/p>\n","protected":false},"excerpt":{"rendered":"<p>Styrelse Orvar Tureg\u00e5rd, ordf\u00f6rande, H\u00f6llviken, 070-5410613David Hagersten, vice ordf\u00f6rande &amp; kass\u00f6r, Esl\u00f6vChristina Ohlsson, sekreterare, StockholmLena Malmsten, Bor\u00e5sNiklas Eriksson, FalunFredrik Arbin, StockholmChristian Ehlers Mikkelsen, Stockholm Sofie Nilsson, suppleant, LundLucian Szantho, suppleant, LimhamnSophie Winqvist Loggins, suppleant, S:t OlofOhan Lundblad, suppleant, StockholmJanne B\u00f6rjesson, suppleant, G\u00f6teborg info[@]swedenbalboa.se Facebook<\/p>\n","protected":false},"author":41,"featured_media":3326,"parent":0,"menu_order":0,"comment_status":"closed","ping_status":"closed","template":"","meta":{"footnotes":""},"class_list":["post-3312","page","type-page","status-publish","has-post-thumbnail","hentry"],"_links":{"self":[{"href":"https:\/\/www.swedenbalboa.se\/index.php?rest_route=\/wp\/v2\/pages\/3312","targetHints":{"allow":["GET"]}}],"collection":[{"href":"https:\/\/www.swedenbalboa.se\/index.php?rest_route=\/wp\/v2\/pages"}],"about":[{"href":"https:\/\/www.swedenbalboa.se\/index.php?rest_route=\/wp\/v2\/types\/page"}],"author":[{"embeddable":true,"href":"https:\/\/www.swedenbalboa.se\/index.php?rest_route=\/wp\/v2\/users\/41"}],"replies":[{"embeddable":true,"href":"https:\/\/www.swedenbalboa.se\/index.php?rest_route=%2Fwp%2Fv2%2Fcomments&post=3312"}],"version-history":[{"count":12,"href":"https:\/\/www.swedenbalboa.se\/index.php?rest_route=\/wp\/v2\/pages\/3312\/revisions"}],"predecessor-version":[{"id":3673,"href":"https:\/\/www.swedenbalboa.se\/index.php?rest_route=\/wp\/v2\/pages\/3312\/revisions\/3673"}],"wp:featuredmedia":[{"embeddable":true,"href":"https:\/\/www.swedenbalboa.se\/index.php?rest_route=\/wp\/v2\/media\/3326"}],"wp:attachment":[{"href":"https:\/\/www.swedenbalboa.se\/index.php?rest_route=%2Fwp%2Fv2%2Fmedia&parent=3312"}],"curies":[{"name":"wp","href":"https:\/\/api.w.org\/{rel}","templated":true}]}}