{"id":3253,"date":"2017-06-09T11:46:54","date_gmt":"2017-06-09T10:46:54","guid":{"rendered":"http:\/\/swedenbalboa.hemsida.eu\/?page_id=3253"},"modified":"2022-04-21T08:33:57","modified_gmt":"2022-04-21T07:33:57","slug":"om-oss","status":"publish","type":"page","link":"https:\/\/www.swedenbalboa.se\/?page_id=3253","title":{"rendered":"OM OSS"},"content":{"rendered":"<p>Sverige Balboa Society grundades 2008 och \u00e4r en ideell organisation som \u00e4gnar sig \u00e5t att fr\u00e4mja dansen Balboa i Sverige och dess grannl\u00e4nder.<\/p>\n<p>Vi anordnar kurser, workshops, danskv\u00e4llar, l\u00e4rarutbildningar och ett internationellt dansl\u00e4ger varje \u00e5r \u2013 The Revival.<\/p>\n<p>Balboa \u00e4r en swingdans fr\u00e5n 30- och 40-talet som v\u00e4xte fram p\u00e5 den amerikanska v\u00e4stkusten. Den har ett eget grundsteg, men dansas till samma musik som Lindy Hop, vilket g\u00f6r det enkelt att mixa danserna. Balboa dansas till alla tempon, men ofta i lite h\u00f6gre tempo \u00e4n Lindy Hop.<\/p>\n<p>F\u00f6reningen drivs av en styrelse, den hittar du under <a href=\"https:\/\/www.swedenbalboa.se\/?page_id=3312\">kontakt<\/a>.<\/p>\n","protected":false},"excerpt":{"rendered":"<p>Sverige Balboa Society grundades 2008 och \u00e4r en ideell organisation som \u00e4gnar sig \u00e5t att fr\u00e4mja dansen Balboa i Sverige och dess grannl\u00e4nder. Vi anordnar kurser, workshops, danskv\u00e4llar, l\u00e4rarutbildningar och ett internationellt dansl\u00e4ger varje \u00e5r \u2013 The Revival. Balboa \u00e4r en swingdans fr\u00e5n 30- och 40-talet som v\u00e4xte fram p\u00e5 den amerikanska v\u00e4stkusten. Den har &hellip; <\/p>\n<p class=\"link-more\"><a href=\"https:\/\/www.swedenbalboa.se\/?page_id=3253\" class=\"more-link\">Continue reading<span class=\"screen-reader-text\"> &#8220;OM OSS&#8221;<\/span><\/a><\/p>\n","protected":false},"author":41,"featured_media":3325,"parent":0,"menu_order":0,"comment_status":"closed","ping_status":"closed","template":"","meta":{"footnotes":""},"class_list":["post-3253","page","type-page","status-publish","has-post-thumbnail","hentry"],"_links":{"self":[{"href":"https:\/\/www.swedenbalboa.se\/index.php?rest_route=\/wp\/v2\/pages\/3253","targetHints":{"allow":["GET"]}}],"collection":[{"href":"https:\/\/www.swedenbalboa.se\/index.php?rest_route=\/wp\/v2\/pages"}],"about":[{"href":"https:\/\/www.swedenbalboa.se\/index.php?rest_route=\/wp\/v2\/types\/page"}],"author":[{"embeddable":true,"href":"https:\/\/www.swedenbalboa.se\/index.php?rest_route=\/wp\/v2\/users\/41"}],"replies":[{"embeddable":true,"href":"https:\/\/www.swedenbalboa.se\/index.php?rest_route=%2Fwp%2Fv2%2Fcomments&post=3253"}],"version-history":[{"count":8,"href":"https:\/\/www.swedenbalboa.se\/index.php?rest_route=\/wp\/v2\/pages\/3253\/revisions"}],"predecessor-version":[{"id":3646,"href":"https:\/\/www.swedenbalboa.se\/index.php?rest_route=\/wp\/v2\/pages\/3253\/revisions\/3646"}],"wp:featuredmedia":[{"embeddable":true,"href":"https:\/\/www.swedenbalboa.se\/index.php?rest_route=\/wp\/v2\/media\/3325"}],"wp:attachment":[{"href":"https:\/\/www.swedenbalboa.se\/index.php?rest_route=%2Fwp%2Fv2%2Fmedia&parent=3253"}],"curies":[{"name":"wp","href":"https:\/\/api.w.org\/{rel}","templated":true}]}}